{"id":16454,"date":"2022-12-13T11:13:33","date_gmt":"2022-12-13T10:13:33","guid":{"rendered":"https:\/\/www.huesges-gruppe.de\/imprint\/"},"modified":"2025-12-16T18:14:18","modified_gmt":"2025-12-16T17:14:18","slug":"imprint","status":"publish","type":"page","link":"https:\/\/www.huesges-gruppe.de\/en\/imprint\/","title":{"rendered":"Imprint"},"content":{"rendered":"\n<p><\/p>\n\n\n\n<h3 class=\"wp-block-heading\">Adress<\/h3>\n\n\n\n<p>H\u00fcsges GmbH Ein Unternehmen der H\u00fcsges Gruppe<br>Gie\u00dferallee 23<br>D-47877 Willich<\/p>\n\n\n\n<h3 class=\"wp-block-heading\">Represented by<\/h3>\n\n\n\n<p>Managing partners<br>Arndt H\u00fcsges, Bernd H\u00fcsges<\/p>\n\n\n\n<h3 class=\"wp-block-heading\">Headquarter of the Company<\/h3>\n\n\n\n<p>Willich<\/p>\n\n\n\n<h3 class=\"wp-block-heading\">Contact<\/h3>\n\n\n\n<p>Telephone: +49 (0) 21 54 \/ 9534 0<br>Fax: +49 (0) 21 54 \/ 9534 1025<br>E-mail: info@huesges-gutachter.de<\/p>\n\n\n\n<h3 class=\"wp-block-heading\">Commercial register<\/h3>\n\n\n\n<p>Krefeld Local Court, HRB 11349<\/p>\n\n\n\n<h3 class=\"wp-block-heading\">VAT ID<\/h3>\n\n\n\n<p>Value added tax identification number in accordance with \u00a7 27a of the Value Added Tax Act DE 252 495 018<\/p>\n\n\n\n<h3 class=\"wp-block-heading\">Information in accordance with the Consumer Dispute Resolution Act (VSBG)<\/h3>\n\n\n\n<p>We are neither willing nor obliged to participate in dispute resolution proceedings before a consumer arbitration board within the meaning of the German Consumer Dispute Resolution Act (Verbraucherstreitbeilegungsgesetz).<\/p>\n\n\n\n<p><\/p>\n","protected":false},"excerpt":{"rendered":"<p>Adress H\u00fcsges GmbH Ein Unternehmen der H\u00fcsges GruppeGie\u00dferallee 23D-47877 Willich Represented by Managing partnersArndt H\u00fcsges, Bernd H\u00fcsges Headquarter of the Company Willich Contact Telephone: +49 (0) 21 54 \/ 9534 0Fax: +49 (0) 21 54 \/ 9534 1025E-mail: info@huesges-gutachter.de Commercial register Krefeld Local Court, HRB 11349 VAT ID Value added tax identification number in accordance [&hellip;]<\/p>\n","protected":false},"author":1,"featured_media":0,"parent":0,"menu_order":0,"comment_status":"closed","ping_status":"closed","template":"","meta":{"_acf_changed":false,"footnotes":""},"class_list":["post-16454","page","type-page","status-publish","hentry"],"acf":[],"_links":{"self":[{"href":"https:\/\/www.huesges-gruppe.de\/en\/wp-json\/wp\/v2\/pages\/16454","targetHints":{"allow":["GET"]}}],"collection":[{"href":"https:\/\/www.huesges-gruppe.de\/en\/wp-json\/wp\/v2\/pages"}],"about":[{"href":"https:\/\/www.huesges-gruppe.de\/en\/wp-json\/wp\/v2\/types\/page"}],"author":[{"embeddable":true,"href":"https:\/\/www.huesges-gruppe.de\/en\/wp-json\/wp\/v2\/users\/1"}],"replies":[{"embeddable":true,"href":"https:\/\/www.huesges-gruppe.de\/en\/wp-json\/wp\/v2\/comments?post=16454"}],"version-history":[{"count":5,"href":"https:\/\/www.huesges-gruppe.de\/en\/wp-json\/wp\/v2\/pages\/16454\/revisions"}],"predecessor-version":[{"id":17011,"href":"https:\/\/www.huesges-gruppe.de\/en\/wp-json\/wp\/v2\/pages\/16454\/revisions\/17011"}],"wp:attachment":[{"href":"https:\/\/www.huesges-gruppe.de\/en\/wp-json\/wp\/v2\/media?parent=16454"}],"curies":[{"name":"wp","href":"https:\/\/api.w.org\/{rel}","templated":true}]}}